{"id":21,"date":"2025-12-13T11:27:13","date_gmt":"2025-12-13T11:27:13","guid":{"rendered":"https:\/\/guevaracuellar.com\/?page_id=21"},"modified":"2026-01-07T10:19:50","modified_gmt":"2026-01-07T10:19:50","slug":"nosotros","status":"publish","type":"page","link":"https:\/\/guevaracuellar.com\/index.php\/nosotros\/","title":{"rendered":"Nosotros"},"content":{"rendered":"\t\t<div data-elementor-type=\"wp-page\" data-elementor-id=\"21\" class=\"elementor elementor-21\" data-elementor-post-type=\"page\">\n\t\t\t\t<div class=\"elementor-element elementor-element-60ccdbb e-flex e-con-boxed e-con e-parent\" data-id=\"60ccdbb\" data-element_type=\"container\">\n\t\t\t\t\t<div class=\"e-con-inner\">\n\t\t\t\t<div class=\"elementor-element elementor-element-bb28237 elementor-widget elementor-widget-text-editor\" data-id=\"bb28237\" data-element_type=\"widget\" data-widget_type=\"text-editor.default\">\n\t\t\t\t\t\t\t\t\t<p>En Guevara Cuellar &amp; Asociados nos dedicamos a brindar soluciones legales y financieras efectivas a personas y empresas que atraviesan situaciones de CRISIS ECONOMICAS, protegiendo sus ingresos y su bienestar emocional. Nuestro compromiso es ofrecer un servicio personalizado, \u00e9tico y de alta calidad, centrado en lograr soluciones justas, oportunas , humanas y ajustadas al marco legal colombiano. Trabajamos para que cada cliente recupere su libertad econ\u00f3mica y vuelva a construir su futuro con confianza<\/p>\t\t\t\t\t\t\t\t<\/div>\n\t\t\t\t\t<\/div>\n\t\t\t\t<\/div>\n\t\t<div class=\"elementor-element elementor-element-3636a9d e-flex e-con-boxed e-con e-parent\" data-id=\"3636a9d\" data-element_type=\"container\">\n\t\t\t\t\t<div class=\"e-con-inner\">\n\t\t\t\t<div class=\"elementor-element elementor-element-36e78c9 elementor-widget elementor-widget-heading\" data-id=\"36e78c9\" data-element_type=\"widget\" data-widget_type=\"heading.default\">\n\t\t\t\t\t<h2 class=\"elementor-heading-title elementor-size-default\">Nuestros Fundadores<\/h2>\t\t\t\t<\/div>\n\t\t<div class=\"elementor-element elementor-element-451b00a e-con-full e-grid e-con e-child\" data-id=\"451b00a\" data-element_type=\"container\">\n\t\t\t\t<div class=\"elementor-element elementor-element-540a9e5 elementor-position-top elementor-widget elementor-widget-image-box\" data-id=\"540a9e5\" data-element_type=\"widget\" data-widget_type=\"image-box.default\">\n\t\t\t\t\t<div class=\"elementor-image-box-wrapper\"><figure class=\"elementor-image-box-img\"><img fetchpriority=\"high\" decoding=\"async\" width=\"747\" height=\"904\" src=\"https:\/\/guevaracuellar.com\/wp-content\/uploads\/2026\/01\/marlio-guevera.png\" class=\"attachment-full size-full wp-image-237\" alt=\"\" srcset=\"https:\/\/guevaracuellar.com\/wp-content\/uploads\/2026\/01\/marlio-guevera.png 747w, https:\/\/guevaracuellar.com\/wp-content\/uploads\/2026\/01\/marlio-guevera-248x300.png 248w\" sizes=\"(max-width: 747px) 100vw, 747px\" \/><\/figure><div class=\"elementor-image-box-content\"><h3 class=\"elementor-image-box-title\">MARLIO ANTONIO GUEVARA CUELLAR <\/h3><p class=\"elementor-image-box-description\">Co Fundador y Director Jur\u00eddico \n<br \/>\nExperto en Inteligencia Financiera a trav\u00e9s de la Negociaci\u00f3n de deudas, liberaci\u00f3n de ingresos y liquidaci\u00f3n patrimonial, con s\u00f3lida trayectoria en la asesor\u00eda y acompa\u00f1amiento a personas y empresas en crisis financiera.\n<\/p><\/div><\/div>\t\t\t\t<\/div>\n\t\t\t\t<div class=\"elementor-element elementor-element-381c3c7 elementor-position-top elementor-widget elementor-widget-image-box\" data-id=\"381c3c7\" data-element_type=\"widget\" data-widget_type=\"image-box.default\">\n\t\t\t\t\t<div class=\"elementor-image-box-wrapper\"><figure class=\"elementor-image-box-img\"><img decoding=\"async\" width=\"747\" height=\"904\" src=\"https:\/\/guevaracuellar.com\/wp-content\/uploads\/2026\/01\/rodirgo-guevera.png\" class=\"attachment-full size-full wp-image-236\" alt=\"\" srcset=\"https:\/\/guevaracuellar.com\/wp-content\/uploads\/2026\/01\/rodirgo-guevera.png 747w, https:\/\/guevaracuellar.com\/wp-content\/uploads\/2026\/01\/rodirgo-guevera-248x300.png 248w\" sizes=\"(max-width: 747px) 100vw, 747px\" \/><\/figure><div class=\"elementor-image-box-content\"><h3 class=\"elementor-image-box-title\">RODRIGO GUEVARA CUELLAR <\/h3><p class=\"elementor-image-box-description\">Co Fundador y Director Financiero \n<br \/>\nExperto en an\u00e1lisis y proyecci\u00f3n financiera, enfocado en la optimizaci\u00f3n de recursos y la sostenibilidad econ\u00f3mica de las personas.<\/p><\/div><\/div>\t\t\t\t<\/div>\n\t\t\t\t<\/div>\n\t\t\t\t\t<\/div>\n\t\t\t\t<\/div>\n\t\t<div class=\"elementor-element elementor-element-5dbccb2 e-flex e-con-boxed e-con e-parent\" data-id=\"5dbccb2\" data-element_type=\"container\">\n\t\t\t\t\t<div class=\"e-con-inner\">\n\t\t\t\t<div class=\"elementor-element elementor-element-314d4cd elementor-cta--skin-classic elementor-animated-content elementor-bg-transform elementor-bg-transform-zoom-in elementor-widget elementor-widget-call-to-action\" data-id=\"314d4cd\" data-element_type=\"widget\" data-widget_type=\"call-to-action.default\">\n\t\t\t\t\t\t\t<div class=\"elementor-cta\">\n\t\t\t\t\t<div class=\"elementor-cta__bg-wrapper\">\n\t\t\t\t<div class=\"elementor-cta__bg elementor-bg\" style=\"background-image: url(https:\/\/guevaracuellar.com\/wp-content\/uploads\/2026\/01\/fondo-guevara-cuellar-asociados-1024x683.png);\" role=\"img\" aria-label=\"fondo guevara cuellar asociados\"><\/div>\n\t\t\t\t<div class=\"elementor-cta__bg-overlay\"><\/div>\n\t\t\t<\/div>\n\t\t\t\t\t\t\t<div class=\"elementor-cta__content\">\n\t\t\t\t\n\t\t\t\t\t\t\t\t\t<h2 class=\"elementor-cta__title elementor-cta__content-item elementor-content-item\">\n\t\t\t\t\t\tNuestro Prop\u00f3sito\t\t\t\t\t<\/h2>\n\t\t\t\t\n\t\t\t\t\t\t\t\t\t<div class=\"elementor-cta__description elementor-cta__content-item elementor-content-item\">\n\t\t\t\t\t\tTrabajamos para consolidarnos como un referente en protecci\u00f3n financiera, liderazgo jur\u00eddico y transformaci\u00f3n social, demostrando que s\u00ed es posible volver a empezar con dignidad y respaldo legal.\t\t\t\t\t<\/div>\n\t\t\t\t\n\t\t\t\t\t\t\t\t\t<div class=\"elementor-cta__button-wrapper elementor-cta__content-item elementor-content-item \">\n\t\t\t\t\t<a class=\"elementor-cta__button elementor-button elementor-size-\">\n\t\t\t\t\t\tConsulta Gratuita\t\t\t\t\t<\/a>\n\t\t\t\t\t<\/div>\n\t\t\t\t\t\t\t<\/div>\n\t\t\t\t\t\t<\/div>\n\t\t\t\t\t\t<\/div>\n\t\t\t\t\t<\/div>\n\t\t\t\t<\/div>\n\t\t<div class=\"elementor-element elementor-element-e6c5317 e-flex e-con-boxed e-con e-parent\" data-id=\"e6c5317\" data-element_type=\"container\" data-settings=\"{&quot;background_background&quot;:&quot;classic&quot;}\">\n\t\t\t\t\t<div class=\"e-con-inner\">\n\t\t<div class=\"elementor-element elementor-element-a4407c8 e-con-full e-grid e-con e-child\" data-id=\"a4407c8\" data-element_type=\"container\">\n\t\t<div class=\"elementor-element elementor-element-3d08f70 e-con-full e-flex e-con e-child\" data-id=\"3d08f70\" data-element_type=\"container\">\n\t\t\t\t<div class=\"elementor-element elementor-element-af282da elementor-widget elementor-widget-heading\" data-id=\"af282da\" data-element_type=\"widget\" data-widget_type=\"heading.default\">\n\t\t\t\t\t<h2 class=\"elementor-heading-title elementor-size-default\">Nuestra Misi\u00f3n<\/h2>\t\t\t\t<\/div>\n\t\t\t\t<div class=\"elementor-element elementor-element-4feff16 elementor-widget elementor-widget-text-editor\" data-id=\"4feff16\" data-element_type=\"widget\" data-widget_type=\"text-editor.default\">\n\t\t\t\t\t\t\t\t\t<p>Ofrecemos un servicio personalizado, \u00e9tico y de alta calidad, enfocado en brindar soluciones justas, humanas y oportunas, dentro del marco legal colombiano. Nuestro compromiso es acompa\u00f1ar a cada cliente en su proceso de recuperar la estabilidad y la libertad econ\u00f3mica,<br \/>ayud\u00e1ndolo a reconstruir su futuro con confianza y tranquilidad financiera.<\/p>\t\t\t\t\t\t\t\t<\/div>\n\t\t\t\t<\/div>\n\t\t<div class=\"elementor-element elementor-element-5b1d0c8 e-con-full e-flex e-con e-child\" data-id=\"5b1d0c8\" data-element_type=\"container\">\n\t\t\t\t<div class=\"elementor-element elementor-element-3c1e1ba elementor-widget elementor-widget-heading\" data-id=\"3c1e1ba\" data-element_type=\"widget\" data-widget_type=\"heading.default\">\n\t\t\t\t\t<h2 class=\"elementor-heading-title elementor-size-default\">Nuestra Visi\u00f3n<\/h2>\t\t\t\t<\/div>\n\t\t\t\t<div class=\"elementor-element elementor-element-ad113b9 elementor-widget elementor-widget-text-editor\" data-id=\"ad113b9\" data-element_type=\"widget\" data-widget_type=\"text-editor.default\">\n\t\t\t\t\t\t\t\t\t<p>En el 2030 Guevara Cu\u00e9llar &amp; Asociados ser\u00e1 una de las firmas legales m\u00e1s grandes y reconocidas a nivel nacional e internacional.<\/p>\t\t\t\t\t\t\t\t<\/div>\n\t\t\t\t<\/div>\n\t\t\t\t<\/div>\n\t\t\t\t\t<\/div>\n\t\t\t\t<\/div>\n\t\t\t\t<\/div>\n\t\t","protected":false},"excerpt":{"rendered":"<p>En Guevara Cuellar &amp; Asociados nos dedicamos a brindar soluciones legales y financieras efectivas a personas y empresas que atraviesan situaciones de CRISIS ECONOMICAS, protegiendo sus ingresos y su bienestar emocional. Nuestro compromiso es ofrecer un servicio personalizado, \u00e9tico y de alta calidad, centrado en lograr soluciones justas, oportunas , humanas y ajustadas al marco [&hellip;]<\/p>\n","protected":false},"author":1,"featured_media":0,"parent":0,"menu_order":0,"comment_status":"closed","ping_status":"closed","template":"","meta":{"footnotes":""},"class_list":["post-21","page","type-page","status-publish","hentry"],"_links":{"self":[{"href":"https:\/\/guevaracuellar.com\/index.php\/wp-json\/wp\/v2\/pages\/21","targetHints":{"allow":["GET"]}}],"collection":[{"href":"https:\/\/guevaracuellar.com\/index.php\/wp-json\/wp\/v2\/pages"}],"about":[{"href":"https:\/\/guevaracuellar.com\/index.php\/wp-json\/wp\/v2\/types\/page"}],"author":[{"embeddable":true,"href":"https:\/\/guevaracuellar.com\/index.php\/wp-json\/wp\/v2\/users\/1"}],"replies":[{"embeddable":true,"href":"https:\/\/guevaracuellar.com\/index.php\/wp-json\/wp\/v2\/comments?post=21"}],"version-history":[{"count":28,"href":"https:\/\/guevaracuellar.com\/index.php\/wp-json\/wp\/v2\/pages\/21\/revisions"}],"predecessor-version":[{"id":247,"href":"https:\/\/guevaracuellar.com\/index.php\/wp-json\/wp\/v2\/pages\/21\/revisions\/247"}],"wp:attachment":[{"href":"https:\/\/guevaracuellar.com\/index.php\/wp-json\/wp\/v2\/media?parent=21"}],"curies":[{"name":"wp","href":"https:\/\/api.w.org\/{rel}","templated":true}]}}